{"id":36,"date":"2016-07-08T15:02:40","date_gmt":"2016-07-08T15:02:40","guid":{"rendered":"http:\/\/salmon.forqy.website\/?page_id=36"},"modified":"2025-06-18T08:41:34","modified_gmt":"2025-06-18T08:41:34","slug":"contact","status":"publish","type":"page","link":"https:\/\/ilcesare.com\/?page_id=36","title":{"rendered":"Contact"},"content":{"rendered":"\n<h2 class=\"wp-block-heading has-text-align-center\">IL Cezare Restaurant<\/h2>\n\n\n\n<p class=\"has-text-align-center\">Lake View Residences, Rruga Muharrem Butka 1063, Tiran\u00eb 1<\/p>\n\n\n\n<iframe src=\"https:\/\/www.google.com\/maps\/embed?pb=!1m18!1m12!1m3!1d2150.1240848334714!2d19.810242488885496!3d41.31090489000672!2m3!1f0!2f0!3f0!3m2!1i1024!2i768!4f13.1!3m3!1m2!1s0x13503184d4ca0373%3A0x6e08fab31d15eb73!2sILCEZARE%20RESTAURANT!5e1!3m2!1sen!2s!4v1750236070398!5m2!1sen!2s\" width=\"600\" height=\"450\" style=\"border:0;\" allowfullscreen=\"\" loading=\"lazy\" referrerpolicy=\"no-referrer-when-downgrade\"><\/iframe>\n\n\n\n<p class=\"has-text-align-center\">Keni ndonj\u00eb pyetje? Mos hezitoni t\u00eb na kontaktoni dhe ne do t\u00eb p\u00ebrpiqemi t&#8217;ju ndihmojm\u00eb.<\/p>\n\n\n\n<p class=\"has-text-align-center\"><\/p>\n\n\n\n<p><\/p>\n","protected":false},"excerpt":{"rendered":"<p>IL Cezare Restaurant Lake View Residences, Rruga Muharrem Butka 1063, Tiran\u00eb 1 Keni ndonj\u00eb pyetje? Mos hezitoni t\u00eb na kontaktoni dhe ne do t\u00eb &#8230;<\/p>\n","protected":false},"author":1,"featured_media":0,"parent":0,"menu_order":70,"comment_status":"closed","ping_status":"closed","template":"template-contact.php","meta":{"footnotes":""},"class_list":["post-36","page","type-page","status-publish","hentry"],"_links":{"self":[{"href":"https:\/\/ilcesare.com\/index.php?rest_route=\/wp\/v2\/pages\/36","targetHints":{"allow":["GET"]}}],"collection":[{"href":"https:\/\/ilcesare.com\/index.php?rest_route=\/wp\/v2\/pages"}],"about":[{"href":"https:\/\/ilcesare.com\/index.php?rest_route=\/wp\/v2\/types\/page"}],"author":[{"embeddable":true,"href":"https:\/\/ilcesare.com\/index.php?rest_route=\/wp\/v2\/users\/1"}],"replies":[{"embeddable":true,"href":"https:\/\/ilcesare.com\/index.php?rest_route=%2Fwp%2Fv2%2Fcomments&post=36"}],"version-history":[{"count":2,"href":"https:\/\/ilcesare.com\/index.php?rest_route=\/wp\/v2\/pages\/36\/revisions"}],"predecessor-version":[{"id":994,"href":"https:\/\/ilcesare.com\/index.php?rest_route=\/wp\/v2\/pages\/36\/revisions\/994"}],"wp:attachment":[{"href":"https:\/\/ilcesare.com\/index.php?rest_route=%2Fwp%2Fv2%2Fmedia&parent=36"}],"curies":[{"name":"wp","href":"https:\/\/api.w.org\/{rel}","templated":true}]}}